{"id":26,"date":"2015-12-07T09:27:23","date_gmt":"2015-12-07T09:27:23","guid":{"rendered":"http:\/\/baltijaskrasti.lv\/en\/?page_id=26"},"modified":"2019-09-02T20:17:07","modified_gmt":"2019-09-02T20:17:07","slug":"kontakti","status":"publish","type":"page","link":"https:\/\/baltijaskrasti.lv\/en\/par-mums\/kontakti\/","title":{"rendered":"CONTACTS"},"content":{"rendered":"<p><strong>Biedr\u012bba \u201eBaltijas krasti\u201d<\/strong><\/p>\n<p>Re\u0123. Nr. 40008116782<\/p>\n<p>Juridisk\u0101 adrese: Kr.Barona iela 31a-19, R\u012bga, LV-1011<\/p>\n<p>Biroja adrese: Maskavas iela 127, R\u012bga, LV-1003<\/p>\n<p>T\u0101lrunis: +371 67212148<\/p>\n<p>Fakss: +371 67612188<\/p>\n<p>E-pasts: <a href=\"mailto: info@baltcoast.lv\">info@baltcoast.lv<\/a> vai <a href=\"mailto:info@baltijaskrasti.lv\">info@baltijaskrasti.lv<\/a><\/p>\n","protected":false},"excerpt":{"rendered":"<p>Biedr\u012bba \u201eBaltijas krasti\u201d<\/p>\n<p>Re\u0123. Nr. 40008116782<\/p>\n<p>Juridisk\u0101 adrese: Kr.Barona iela 31a-19, R\u012bga, LV-1011<\/p>\n<p>Biroja adrese: Maskavas iela 127, R\u012bga, LV-1003<\/p>\n<p>T\u0101lrunis: +371 67212148<\/p>\n<p>Fakss: +371 67612188<\/p>\n<p>E-pasts: <a href=\"mailto: info@baltcoast.lv\">info@baltcoast.lv<\/a> vai <a href=\"mailto:info@baltijaskrasti.lv\">info@baltijaskrasti.lv<\/a><\/p>\n<p>  <a href=\"https:\/\/baltijaskrasti.lv\/en\/par-mums\/kontakti\/\">Read more &raquo;<\/a><\/p>\n","protected":false},"author":1,"featured_media":0,"parent":7,"menu_order":0,"comment_status":"closed","ping_status":"closed","template":"page-kontakti.php","meta":{"_acf_changed":false,"footnotes":""},"class_list":["post-26","page","type-page","status-publish","hentry"],"acf":[],"yoast_head":"<!-- This site is optimized with the Yoast SEO plugin v27.5 - https:\/\/yoast.com\/product\/yoast-seo-wordpress\/ -->\n<title>CONTACTS - Baltic Coasts<\/title>\n<meta name=\"robots\" content=\"index, follow, max-snippet:-1, max-image-preview:large, max-video-preview:-1\" \/>\n<link rel=\"canonical\" href=\"https:\/\/baltijaskrasti.lv\/en\/par-mums\/kontakti\/\" \/>\n<meta property=\"og:locale\" content=\"en_US\" \/>\n<meta property=\"og:type\" content=\"article\" \/>\n<meta property=\"og:title\" content=\"CONTACTS - Baltic Coasts\" \/>\n<meta property=\"og:description\" content=\"Biedr\u012bba \u201eBaltijas krasti\u201d Re\u0123. Nr. 40008116782 Juridisk\u0101 adrese: Kr.Barona iela 31a-19, R\u012bga, LV-1011 Biroja adrese: Maskavas iela 127, R\u012bga, LV-1003 T\u0101lrunis: +371 67212148 Fakss: +371 67612188 E-pasts: info@baltcoast.lv vai info@baltijaskrasti.lv Read more &raquo;\" \/>\n<meta property=\"og:url\" content=\"https:\/\/baltijaskrasti.lv\/en\/par-mums\/kontakti\/\" \/>\n<meta property=\"og:site_name\" content=\"Baltic Coasts\" \/>\n<meta property=\"article:modified_time\" content=\"2019-09-02T20:17:07+00:00\" \/>\n<meta name=\"twitter:card\" content=\"summary_large_image\" \/>\n<script type=\"application\/ld+json\" class=\"yoast-schema-graph\">{\"@context\":\"https:\\\/\\\/schema.org\",\"@graph\":[{\"@type\":\"WebPage\",\"@id\":\"https:\\\/\\\/baltijaskrasti.lv\\\/en\\\/par-mums\\\/kontakti\\\/\",\"url\":\"https:\\\/\\\/baltijaskrasti.lv\\\/en\\\/par-mums\\\/kontakti\\\/\",\"name\":\"CONTACTS - Baltic Coasts\",\"isPartOf\":{\"@id\":\"https:\\\/\\\/baltijaskrasti.lv\\\/en\\\/#website\"},\"datePublished\":\"2015-12-07T09:27:23+00:00\",\"dateModified\":\"2019-09-02T20:17:07+00:00\",\"breadcrumb\":{\"@id\":\"https:\\\/\\\/baltijaskrasti.lv\\\/en\\\/par-mums\\\/kontakti\\\/#breadcrumb\"},\"inLanguage\":\"en-US\",\"potentialAction\":[{\"@type\":\"ReadAction\",\"target\":[\"https:\\\/\\\/baltijaskrasti.lv\\\/en\\\/par-mums\\\/kontakti\\\/\"]}]},{\"@type\":\"BreadcrumbList\",\"@id\":\"https:\\\/\\\/baltijaskrasti.lv\\\/en\\\/par-mums\\\/kontakti\\\/#breadcrumb\",\"itemListElement\":[{\"@type\":\"ListItem\",\"position\":1,\"name\":\"Home\",\"item\":\"https:\\\/\\\/baltijaskrasti.lv\\\/en\\\/\"},{\"@type\":\"ListItem\",\"position\":2,\"name\":\"ABOUT US\",\"item\":\"https:\\\/\\\/baltijaskrasti.lv\\\/en\\\/par-mums\\\/\"},{\"@type\":\"ListItem\",\"position\":3,\"name\":\"CONTACTS\"}]},{\"@type\":\"WebSite\",\"@id\":\"https:\\\/\\\/baltijaskrasti.lv\\\/en\\\/#website\",\"url\":\"https:\\\/\\\/baltijaskrasti.lv\\\/en\\\/\",\"name\":\"Baltic Coasts\",\"description\":\"The Association \u201cBaltic Coasts\u201d was founded in 2007, bringing together qualified experts from different areas and creating a comprehensive, complementary and strong team. Emphasising both scientific research and practical action.\",\"potentialAction\":[{\"@type\":\"SearchAction\",\"target\":{\"@type\":\"EntryPoint\",\"urlTemplate\":\"https:\\\/\\\/baltijaskrasti.lv\\\/en\\\/?s={search_term_string}\"},\"query-input\":{\"@type\":\"PropertyValueSpecification\",\"valueRequired\":true,\"valueName\":\"search_term_string\"}}],\"inLanguage\":\"en-US\"}]}<\/script>\n<!-- \/ Yoast SEO plugin. -->","yoast_head_json":{"title":"CONTACTS - Baltic Coasts","robots":{"index":"index","follow":"follow","max-snippet":"max-snippet:-1","max-image-preview":"max-image-preview:large","max-video-preview":"max-video-preview:-1"},"canonical":"https:\/\/baltijaskrasti.lv\/en\/par-mums\/kontakti\/","og_locale":"en_US","og_type":"article","og_title":"CONTACTS - Baltic Coasts","og_description":"Biedr\u012bba \u201eBaltijas krasti\u201d Re\u0123. Nr. 40008116782 Juridisk\u0101 adrese: Kr.Barona iela 31a-19, R\u012bga, LV-1011 Biroja adrese: Maskavas iela 127, R\u012bga, LV-1003 T\u0101lrunis: +371 67212148 Fakss: +371 67612188 E-pasts: info@baltcoast.lv vai info@baltijaskrasti.lv Read more &raquo;","og_url":"https:\/\/baltijaskrasti.lv\/en\/par-mums\/kontakti\/","og_site_name":"Baltic Coasts","article_modified_time":"2019-09-02T20:17:07+00:00","twitter_card":"summary_large_image","schema":{"@context":"https:\/\/schema.org","@graph":[{"@type":"WebPage","@id":"https:\/\/baltijaskrasti.lv\/en\/par-mums\/kontakti\/","url":"https:\/\/baltijaskrasti.lv\/en\/par-mums\/kontakti\/","name":"CONTACTS - Baltic Coasts","isPartOf":{"@id":"https:\/\/baltijaskrasti.lv\/en\/#website"},"datePublished":"2015-12-07T09:27:23+00:00","dateModified":"2019-09-02T20:17:07+00:00","breadcrumb":{"@id":"https:\/\/baltijaskrasti.lv\/en\/par-mums\/kontakti\/#breadcrumb"},"inLanguage":"en-US","potentialAction":[{"@type":"ReadAction","target":["https:\/\/baltijaskrasti.lv\/en\/par-mums\/kontakti\/"]}]},{"@type":"BreadcrumbList","@id":"https:\/\/baltijaskrasti.lv\/en\/par-mums\/kontakti\/#breadcrumb","itemListElement":[{"@type":"ListItem","position":1,"name":"Home","item":"https:\/\/baltijaskrasti.lv\/en\/"},{"@type":"ListItem","position":2,"name":"ABOUT US","item":"https:\/\/baltijaskrasti.lv\/en\/par-mums\/"},{"@type":"ListItem","position":3,"name":"CONTACTS"}]},{"@type":"WebSite","@id":"https:\/\/baltijaskrasti.lv\/en\/#website","url":"https:\/\/baltijaskrasti.lv\/en\/","name":"Baltic Coasts","description":"The Association \u201cBaltic Coasts\u201d was founded in 2007, bringing together qualified experts from different areas and creating a comprehensive, complementary and strong team. Emphasising both scientific research and practical action.","potentialAction":[{"@type":"SearchAction","target":{"@type":"EntryPoint","urlTemplate":"https:\/\/baltijaskrasti.lv\/en\/?s={search_term_string}"},"query-input":{"@type":"PropertyValueSpecification","valueRequired":true,"valueName":"search_term_string"}}],"inLanguage":"en-US"}]}},"jetpack_shortlink":"https:\/\/wp.me\/P9JwfC-q","_links":{"self":[{"href":"https:\/\/baltijaskrasti.lv\/en\/wp-json\/wp\/v2\/pages\/26","targetHints":{"allow":["GET"]}}],"collection":[{"href":"https:\/\/baltijaskrasti.lv\/en\/wp-json\/wp\/v2\/pages"}],"about":[{"href":"https:\/\/baltijaskrasti.lv\/en\/wp-json\/wp\/v2\/types\/page"}],"author":[{"embeddable":true,"href":"https:\/\/baltijaskrasti.lv\/en\/wp-json\/wp\/v2\/users\/1"}],"replies":[{"embeddable":true,"href":"https:\/\/baltijaskrasti.lv\/en\/wp-json\/wp\/v2\/comments?post=26"}],"version-history":[{"count":16,"href":"https:\/\/baltijaskrasti.lv\/en\/wp-json\/wp\/v2\/pages\/26\/revisions"}],"predecessor-version":[{"id":413,"href":"https:\/\/baltijaskrasti.lv\/en\/wp-json\/wp\/v2\/pages\/26\/revisions\/413"}],"up":[{"embeddable":true,"href":"https:\/\/baltijaskrasti.lv\/en\/wp-json\/wp\/v2\/pages\/7"}],"wp:attachment":[{"href":"https:\/\/baltijaskrasti.lv\/en\/wp-json\/wp\/v2\/media?parent=26"}],"curies":[{"name":"wp","href":"https:\/\/api.w.org\/{rel}","templated":true}]}}